{"id":94,"date":"2026-04-19T10:40:03","date_gmt":"2026-04-19T08:40:03","guid":{"rendered":"https:\/\/chloemarsat.fr\/?page_id=94"},"modified":"2026-04-19T10:42:09","modified_gmt":"2026-04-19T08:42:09","slug":"accueil","status":"publish","type":"page","link":"https:\/\/chloemarsat.fr\/index.php\/accueil\/","title":{"rendered":"Accueil"},"content":{"rendered":"","protected":false},"excerpt":{"rendered":"","protected":false},"author":1,"featured_media":0,"parent":0,"menu_order":0,"comment_status":"closed","ping_status":"closed","template":"","meta":{"footnotes":""},"class_list":["post-94","page","type-page","status-publish","hentry"],"yoast_head":"<!-- This site is optimized with the Yoast SEO plugin v27.5 - https:\/\/yoast.com\/product\/yoast-seo-wordpress\/ -->\n<title>Accueil - Chlo\u00e9 Marsat<\/title>\n<meta name=\"robots\" content=\"index, follow, max-snippet:-1, max-image-preview:large, max-video-preview:-1\" \/>\n<link rel=\"canonical\" href=\"https:\/\/chloemarsat.fr\/index.php\/accueil\/\" \/>\n<meta property=\"og:locale\" content=\"fr_FR\" \/>\n<meta property=\"og:type\" content=\"article\" \/>\n<meta property=\"og:title\" content=\"Accueil - Chlo\u00e9 Marsat\" \/>\n<meta property=\"og:url\" content=\"https:\/\/chloemarsat.fr\/index.php\/accueil\/\" \/>\n<meta property=\"og:site_name\" content=\"Chlo\u00e9 Marsat\" \/>\n<meta property=\"article:modified_time\" content=\"2026-04-19T08:42:09+00:00\" \/>\n<meta name=\"twitter:card\" content=\"summary_large_image\" \/>\n<meta name=\"twitter:label1\" content=\"Dur\u00e9e de lecture estim\u00e9e\" \/>\n\t<meta name=\"twitter:data1\" content=\"2 minutes\" \/>\n<script type=\"application\/ld+json\" class=\"yoast-schema-graph\">{\"@context\":\"https:\\\/\\\/schema.org\",\"@graph\":[{\"@type\":\"WebPage\",\"@id\":\"https:\\\/\\\/chloemarsat.fr\\\/index.php\\\/accueil\\\/\",\"url\":\"https:\\\/\\\/chloemarsat.fr\\\/index.php\\\/accueil\\\/\",\"name\":\"Accueil - Chlo\u00e9 Marsat\",\"isPartOf\":{\"@id\":\"https:\\\/\\\/chloemarsat.fr\\\/#website\"},\"datePublished\":\"2026-04-19T08:40:03+00:00\",\"dateModified\":\"2026-04-19T08:42:09+00:00\",\"breadcrumb\":{\"@id\":\"https:\\\/\\\/chloemarsat.fr\\\/index.php\\\/accueil\\\/#breadcrumb\"},\"inLanguage\":\"fr-FR\",\"potentialAction\":[{\"@type\":\"ReadAction\",\"target\":[\"https:\\\/\\\/chloemarsat.fr\\\/index.php\\\/accueil\\\/\"]}]},{\"@type\":\"BreadcrumbList\",\"@id\":\"https:\\\/\\\/chloemarsat.fr\\\/index.php\\\/accueil\\\/#breadcrumb\",\"itemListElement\":[{\"@type\":\"ListItem\",\"position\":1,\"name\":\"Home\",\"item\":\"https:\\\/\\\/chloemarsat.fr\\\/\"},{\"@type\":\"ListItem\",\"position\":2,\"name\":\"Accueil\"}]},{\"@type\":\"WebSite\",\"@id\":\"https:\\\/\\\/chloemarsat.fr\\\/#website\",\"url\":\"https:\\\/\\\/chloemarsat.fr\\\/\",\"name\":\"Chlo\u00e9 Marsat\",\"description\":\"\",\"potentialAction\":[{\"@type\":\"SearchAction\",\"target\":{\"@type\":\"EntryPoint\",\"urlTemplate\":\"https:\\\/\\\/chloemarsat.fr\\\/?s={search_term_string}\"},\"query-input\":{\"@type\":\"PropertyValueSpecification\",\"valueRequired\":true,\"valueName\":\"search_term_string\"}}],\"inLanguage\":\"fr-FR\"}]}<\/script>\n<!-- \/ Yoast SEO plugin. -->","yoast_head_json":{"title":"Accueil - Chlo\u00e9 Marsat","robots":{"index":"index","follow":"follow","max-snippet":"max-snippet:-1","max-image-preview":"max-image-preview:large","max-video-preview":"max-video-preview:-1"},"canonical":"https:\/\/chloemarsat.fr\/index.php\/accueil\/","og_locale":"fr_FR","og_type":"article","og_title":"Accueil - Chlo\u00e9 Marsat","og_url":"https:\/\/chloemarsat.fr\/index.php\/accueil\/","og_site_name":"Chlo\u00e9 Marsat","article_modified_time":"2026-04-19T08:42:09+00:00","twitter_card":"summary_large_image","twitter_misc":{"Dur\u00e9e de lecture estim\u00e9e":"2 minutes"},"schema":{"@context":"https:\/\/schema.org","@graph":[{"@type":"WebPage","@id":"https:\/\/chloemarsat.fr\/index.php\/accueil\/","url":"https:\/\/chloemarsat.fr\/index.php\/accueil\/","name":"Accueil - Chlo\u00e9 Marsat","isPartOf":{"@id":"https:\/\/chloemarsat.fr\/#website"},"datePublished":"2026-04-19T08:40:03+00:00","dateModified":"2026-04-19T08:42:09+00:00","breadcrumb":{"@id":"https:\/\/chloemarsat.fr\/index.php\/accueil\/#breadcrumb"},"inLanguage":"fr-FR","potentialAction":[{"@type":"ReadAction","target":["https:\/\/chloemarsat.fr\/index.php\/accueil\/"]}]},{"@type":"BreadcrumbList","@id":"https:\/\/chloemarsat.fr\/index.php\/accueil\/#breadcrumb","itemListElement":[{"@type":"ListItem","position":1,"name":"Home","item":"https:\/\/chloemarsat.fr\/"},{"@type":"ListItem","position":2,"name":"Accueil"}]},{"@type":"WebSite","@id":"https:\/\/chloemarsat.fr\/#website","url":"https:\/\/chloemarsat.fr\/","name":"Chlo\u00e9 Marsat","description":"","potentialAction":[{"@type":"SearchAction","target":{"@type":"EntryPoint","urlTemplate":"https:\/\/chloemarsat.fr\/?s={search_term_string}"},"query-input":{"@type":"PropertyValueSpecification","valueRequired":true,"valueName":"search_term_string"}}],"inLanguage":"fr-FR"}]}},"_links":{"self":[{"href":"https:\/\/chloemarsat.fr\/index.php\/wp-json\/wp\/v2\/pages\/94","targetHints":{"allow":["GET"]}}],"collection":[{"href":"https:\/\/chloemarsat.fr\/index.php\/wp-json\/wp\/v2\/pages"}],"about":[{"href":"https:\/\/chloemarsat.fr\/index.php\/wp-json\/wp\/v2\/types\/page"}],"author":[{"embeddable":true,"href":"https:\/\/chloemarsat.fr\/index.php\/wp-json\/wp\/v2\/users\/1"}],"replies":[{"embeddable":true,"href":"https:\/\/chloemarsat.fr\/index.php\/wp-json\/wp\/v2\/comments?post=94"}],"version-history":[{"count":1,"href":"https:\/\/chloemarsat.fr\/index.php\/wp-json\/wp\/v2\/pages\/94\/revisions"}],"predecessor-version":[{"id":136,"href":"https:\/\/chloemarsat.fr\/index.php\/wp-json\/wp\/v2\/pages\/94\/revisions\/136"}],"wp:attachment":[{"href":"https:\/\/chloemarsat.fr\/index.php\/wp-json\/wp\/v2\/media?parent=94"}],"curies":[{"name":"wp","href":"https:\/\/api.w.org\/{rel}","templated":true}]}}